{"id":1242,"date":"2025-11-20T14:53:56","date_gmt":"2025-11-20T13:53:56","guid":{"rendered":"https:\/\/zichyanna.com\/impresszum\/"},"modified":"2026-01-14T19:19:17","modified_gmt":"2026-01-14T18:19:17","slug":"imprint","status":"publish","type":"page","link":"https:\/\/zichyanna.com\/en\/imprint\/","title":{"rendered":"Imprint"},"content":{"rendered":"\t\t<div data-elementor-type=\"wp-page\" data-elementor-id=\"1242\" class=\"elementor elementor-1242 elementor-482\">\n\t\t\t\t<div class=\"elementor-element elementor-element-1eb42f4 e-con-full e-flex e-con e-parent\" data-id=\"1eb42f4\" data-element_type=\"container\">\n\t\t\t\t<div class=\"elementor-element elementor-element-cf35de7 elementor-widget__width-inherit elementor-widget elementor-widget-image\" data-id=\"cf35de7\" data-element_type=\"widget\" data-widget_type=\"image.default\">\n\t\t\t\t\t\t\t\t\t\t\t\t\t\t\t<img loading=\"lazy\" decoding=\"async\" width=\"1500\" height=\"1000\" src=\"https:\/\/zichyanna.com\/wp-content\/uploads\/2025\/11\/DSC06883.jpg\" class=\"attachment-full size-full wp-image-1243\" alt=\"\" srcset=\"https:\/\/zichyanna.com\/wp-content\/uploads\/2025\/11\/DSC06883.jpg 1500w, https:\/\/zichyanna.com\/wp-content\/uploads\/2025\/11\/DSC06883-1024x683.jpg 1024w, https:\/\/zichyanna.com\/wp-content\/uploads\/2025\/11\/DSC06883-768x512.jpg 768w, https:\/\/zichyanna.com\/wp-content\/uploads\/2025\/11\/DSC06883-1000x667.jpg 1000w\" sizes=\"auto, (max-width: 1500px) 100vw, 1500px\" \/>\t\t\t\t\t\t\t\t\t\t\t\t\t\t\t<\/div>\n\t\t\t\t<\/div>\n\t\t<div class=\"elementor-element elementor-element-45877aa e-flex e-con-boxed e-con e-parent\" data-id=\"45877aa\" data-element_type=\"container\">\n\t\t\t\t\t<div class=\"e-con-inner\">\n\t\t<div class=\"elementor-element elementor-element-60fde88 e-con-full e-flex e-con e-child\" data-id=\"60fde88\" data-element_type=\"container\">\n\t\t<div class=\"elementor-element elementor-element-c91199d e-con-full e-flex e-con e-child\" data-id=\"c91199d\" data-element_type=\"container\" data-settings=\"{&quot;background_background&quot;:&quot;classic&quot;}\">\n\t\t\t\t<div class=\"elementor-element elementor-element-b195ec3 elementor-widget elementor-widget-heading\" data-id=\"b195ec3\" data-element_type=\"widget\" data-widget_type=\"heading.default\">\n\t\t\t\t\t<h1 class=\"elementor-heading-title elementor-size-default\">Imprint<\/h1>\t\t\t\t<\/div>\n\t\t\t\t<div class=\"elementor-element elementor-element-ce6e056 elementor-widget elementor-widget-text-editor\" data-id=\"ce6e056\" data-element_type=\"widget\" data-widget_type=\"text-editor.default\">\n\t\t\t\t\t\t\t\t\t<p><strong>Zichy Anna Pezsg\u0151h\u00e1z Kft.<\/strong><\/p><p><strong>Owner:<\/strong>\u00a0Zichy Anna<br \/><strong>Mobile:<\/strong>\u00a0+36 30 534 3136<br \/><strong>Email:<\/strong>\u00a0<a rel=\"noopener\">info@zichyanna.com<br \/><\/a><strong>Registered office:<\/strong>\u00a03910 Tokaj, Bajcsy-Zsilinszky Endre \u00fat 18., Hungary<br \/><strong>Tax number:<\/strong>\u00a032323087-2-07<br \/><strong>Bank account:<\/strong>\u00a0MBH Bank 10300002-13511544-00034902<br \/><strong>Design &amp; development:<\/strong>\u00a0Wine&amp;Go<\/p>\t\t\t\t\t\t\t\t<\/div>\n\t\t\t\t<\/div>\n\t\t\t\t<\/div>\n\t\t\t\t\t<\/div>\n\t\t\t\t<\/div>\n\t\t<div class=\"elementor-element elementor-element-360335b e-flex e-con-boxed e-con e-parent\" data-id=\"360335b\" data-element_type=\"container\" data-settings=\"{&quot;background_background&quot;:&quot;classic&quot;}\">\n\t\t\t\t\t<div class=\"e-con-inner\">\n\t\t\t\t\t<\/div>\n\t\t\t\t<\/div>\n\t\t\t\t<\/div>\n\t\t","protected":false},"excerpt":{"rendered":"<p>Imprint Zichy Anna Pezsg\u0151h\u00e1z Kft. Owner:\u00a0Zichy AnnaMobile:\u00a0+36 30 534 3136Email:\u00a0info@zichyanna.comRegistered office:\u00a03910 Tokaj, Bajcsy-Zsilinszky Endre \u00fat 18., HungaryTax number:\u00a032323087-2-07Bank account:\u00a0MBH Bank [&hellip;]<\/p>\n","protected":false},"author":1,"featured_media":0,"parent":0,"menu_order":0,"comment_status":"closed","ping_status":"closed","template":"","meta":{"inline_featured_image":false,"site-sidebar-layout":"no-sidebar","site-content-layout":"plain-container","ast-site-content-layout":"full-width-container","site-content-style":"default","site-sidebar-style":"default","ast-global-header-display":"","ast-banner-title-visibility":"","ast-main-header-display":"","ast-hfb-above-header-display":"","ast-hfb-below-header-display":"","ast-hfb-mobile-header-display":"","site-post-title":"","ast-breadcrumbs-content":"","ast-featured-img":"disabled","footer-sml-layout":"","ast-disable-related-posts":"","theme-transparent-header-meta":"disabled","adv-header-id-meta":"","stick-header-meta":"","header-above-stick-meta":"","header-main-stick-meta":"","header-below-stick-meta":"","astra-migrate-meta-layouts":"set","ast-page-background-enabled":"default","ast-page-background-meta":{"desktop":{"background-color":"var(--ast-global-color-5)","background-image":"","background-repeat":"repeat","background-position":"center center","background-size":"auto","background-attachment":"scroll","background-type":"","background-media":"","overlay-type":"","overlay-color":"","overlay-opacity":"","overlay-gradient":""},"tablet":{"background-color":"","background-image":"","background-repeat":"repeat","background-position":"center center","background-size":"auto","background-attachment":"scroll","background-type":"","background-media":"","overlay-type":"","overlay-color":"","overlay-opacity":"","overlay-gradient":""},"mobile":{"background-color":"","background-image":"","background-repeat":"repeat","background-position":"center center","background-size":"auto","background-attachment":"scroll","background-type":"","background-media":"","overlay-type":"","overlay-color":"","overlay-opacity":"","overlay-gradient":""}},"ast-content-background-meta":{"desktop":{"background-color":"var(--ast-global-color-4)","background-image":"","background-repeat":"repeat","background-position":"center center","background-size":"auto","background-attachment":"scroll","background-type":"","background-media":"","overlay-type":"","overlay-color":"","overlay-opacity":"","overlay-gradient":""},"tablet":{"background-color":"var(--ast-global-color-4)","background-image":"","background-repeat":"repeat","background-position":"center center","background-size":"auto","background-attachment":"scroll","background-type":"","background-media":"","overlay-type":"","overlay-color":"","overlay-opacity":"","overlay-gradient":""},"mobile":{"background-color":"var(--ast-global-color-4)","background-image":"","background-repeat":"repeat","background-position":"center center","background-size":"auto","background-attachment":"scroll","background-type":"","background-media":"","overlay-type":"","overlay-color":"","overlay-opacity":"","overlay-gradient":""}},"footnotes":""},"class_list":["post-1242","page","type-page","status-publish","hentry"],"yoast_head":"<!-- This site is optimized with the Yoast SEO plugin v27.4 - https:\/\/yoast.com\/product\/yoast-seo-wordpress\/ -->\n<title>Imprint<\/title>\n<meta name=\"description\" content=\"Zichy Anna Pezsg\u0151h\u00e1z Kft. | Owner: Zichy Anna | E-mail: info@zichyanna.com | Registered office: 3910 Tokaj, Bajcsy-Zsilinszky Endre \u00fat 18.\" \/>\n<meta name=\"robots\" content=\"index, follow, max-snippet:-1, max-image-preview:large, max-video-preview:-1\" \/>\n<link rel=\"canonical\" href=\"https:\/\/zichyanna.com\/en\/imprint\/\" \/>\n<meta property=\"og:locale\" content=\"en_US\" \/>\n<meta property=\"og:type\" content=\"article\" \/>\n<meta property=\"og:title\" content=\"Imprint\" \/>\n<meta property=\"og:description\" content=\"Zichy Anna Pezsg\u0151h\u00e1z Kft. | Owner: Zichy Anna | E-mail: info@zichyanna.com | Registered office: 3910 Tokaj, Bajcsy-Zsilinszky Endre \u00fat 18.\" \/>\n<meta property=\"og:url\" content=\"https:\/\/zichyanna.com\/en\/imprint\/\" \/>\n<meta property=\"og:site_name\" content=\"Zichy Anna Sparkling Winehouse\" \/>\n<meta property=\"article:modified_time\" content=\"2026-01-14T18:19:17+00:00\" \/>\n<meta property=\"og:image\" content=\"https:\/\/zichyanna.com\/wp-content\/uploads\/2025\/11\/DSC06883.jpg\" \/>\n\t<meta property=\"og:image:width\" content=\"1500\" \/>\n\t<meta property=\"og:image:height\" content=\"1000\" \/>\n\t<meta property=\"og:image:type\" content=\"image\/jpeg\" \/>\n<meta name=\"twitter:card\" content=\"summary_large_image\" \/>\n<meta name=\"twitter:label1\" content=\"Est. reading time\" \/>\n\t<meta name=\"twitter:data1\" content=\"1 minute\" \/>\n<script type=\"application\/ld+json\" class=\"yoast-schema-graph\">{\"@context\":\"https:\\\/\\\/schema.org\",\"@graph\":[{\"@type\":\"WebPage\",\"@id\":\"https:\\\/\\\/zichyanna.com\\\/en\\\/imprint\\\/\",\"url\":\"https:\\\/\\\/zichyanna.com\\\/en\\\/imprint\\\/\",\"name\":\"Imprint\",\"isPartOf\":{\"@id\":\"https:\\\/\\\/zichyanna.com\\\/en\\\/#website\"},\"primaryImageOfPage\":{\"@id\":\"https:\\\/\\\/zichyanna.com\\\/en\\\/imprint\\\/#primaryimage\"},\"image\":{\"@id\":\"https:\\\/\\\/zichyanna.com\\\/en\\\/imprint\\\/#primaryimage\"},\"thumbnailUrl\":\"https:\\\/\\\/zichyanna.com\\\/wp-content\\\/uploads\\\/2025\\\/11\\\/DSC06883.jpg\",\"datePublished\":\"2025-11-20T13:53:56+00:00\",\"dateModified\":\"2026-01-14T18:19:17+00:00\",\"description\":\"Zichy Anna Pezsg\u0151h\u00e1z Kft. | Owner: Zichy Anna | E-mail: info@zichyanna.com | Registered office: 3910 Tokaj, Bajcsy-Zsilinszky Endre \u00fat 18.\",\"breadcrumb\":{\"@id\":\"https:\\\/\\\/zichyanna.com\\\/en\\\/imprint\\\/#breadcrumb\"},\"inLanguage\":\"en-US\",\"potentialAction\":[{\"@type\":\"ReadAction\",\"target\":[\"https:\\\/\\\/zichyanna.com\\\/en\\\/imprint\\\/\"]}]},{\"@type\":\"ImageObject\",\"inLanguage\":\"en-US\",\"@id\":\"https:\\\/\\\/zichyanna.com\\\/en\\\/imprint\\\/#primaryimage\",\"url\":\"https:\\\/\\\/zichyanna.com\\\/wp-content\\\/uploads\\\/2025\\\/11\\\/DSC06883.jpg\",\"contentUrl\":\"https:\\\/\\\/zichyanna.com\\\/wp-content\\\/uploads\\\/2025\\\/11\\\/DSC06883.jpg\"},{\"@type\":\"BreadcrumbList\",\"@id\":\"https:\\\/\\\/zichyanna.com\\\/en\\\/imprint\\\/#breadcrumb\",\"itemListElement\":[{\"@type\":\"ListItem\",\"position\":1,\"name\":\"Kezd\u0151lap\",\"item\":\"https:\\\/\\\/zichyanna.com\\\/en\\\/\"},{\"@type\":\"ListItem\",\"position\":2,\"name\":\"Imprint\"}]},{\"@type\":\"WebSite\",\"@id\":\"https:\\\/\\\/zichyanna.com\\\/en\\\/#website\",\"url\":\"https:\\\/\\\/zichyanna.com\\\/en\\\/\",\"name\":\"Zichy Anna Pezsg\u0151h\u00e1z\",\"description\":\"Zichy Anna Sparkling Winehouse\",\"publisher\":{\"@id\":\"https:\\\/\\\/zichyanna.com\\\/en\\\/#organization\"},\"potentialAction\":[{\"@type\":\"SearchAction\",\"target\":{\"@type\":\"EntryPoint\",\"urlTemplate\":\"https:\\\/\\\/zichyanna.com\\\/en\\\/?s={search_term_string}\"},\"query-input\":{\"@type\":\"PropertyValueSpecification\",\"valueRequired\":true,\"valueName\":\"search_term_string\"}}],\"inLanguage\":\"en-US\"},{\"@type\":\"Organization\",\"@id\":\"https:\\\/\\\/zichyanna.com\\\/en\\\/#organization\",\"name\":\"Zichy Sz\u0151l\u0151birtok\",\"url\":\"https:\\\/\\\/zichyanna.com\\\/en\\\/\",\"logo\":{\"@type\":\"ImageObject\",\"inLanguage\":\"en-US\",\"@id\":\"https:\\\/\\\/zichyanna.com\\\/en\\\/#\\\/schema\\\/logo\\\/image\\\/\",\"url\":\"https:\\\/\\\/zichyanna.com\\\/wp-content\\\/uploads\\\/2025\\\/11\\\/Zichy-Anna-logo.svg\",\"contentUrl\":\"https:\\\/\\\/zichyanna.com\\\/wp-content\\\/uploads\\\/2025\\\/11\\\/Zichy-Anna-logo.svg\",\"width\":174,\"height\":100,\"caption\":\"Zichy Sz\u0151l\u0151birtok\"},\"image\":{\"@id\":\"https:\\\/\\\/zichyanna.com\\\/en\\\/#\\\/schema\\\/logo\\\/image\\\/\"}}]}<\/script>\n<!-- \/ Yoast SEO plugin. -->","yoast_head_json":{"title":"Imprint","description":"Zichy Anna Pezsg\u0151h\u00e1z Kft. | Owner: Zichy Anna | E-mail: info@zichyanna.com | Registered office: 3910 Tokaj, Bajcsy-Zsilinszky Endre \u00fat 18.","robots":{"index":"index","follow":"follow","max-snippet":"max-snippet:-1","max-image-preview":"max-image-preview:large","max-video-preview":"max-video-preview:-1"},"canonical":"https:\/\/zichyanna.com\/en\/imprint\/","og_locale":"en_US","og_type":"article","og_title":"Imprint","og_description":"Zichy Anna Pezsg\u0151h\u00e1z Kft. | Owner: Zichy Anna | E-mail: info@zichyanna.com | Registered office: 3910 Tokaj, Bajcsy-Zsilinszky Endre \u00fat 18.","og_url":"https:\/\/zichyanna.com\/en\/imprint\/","og_site_name":"Zichy Anna Sparkling Winehouse","article_modified_time":"2026-01-14T18:19:17+00:00","og_image":[{"width":1500,"height":1000,"url":"https:\/\/zichyanna.com\/wp-content\/uploads\/2025\/11\/DSC06883.jpg","type":"image\/jpeg"}],"twitter_card":"summary_large_image","twitter_misc":{"Est. reading time":"1 minute"},"schema":{"@context":"https:\/\/schema.org","@graph":[{"@type":"WebPage","@id":"https:\/\/zichyanna.com\/en\/imprint\/","url":"https:\/\/zichyanna.com\/en\/imprint\/","name":"Imprint","isPartOf":{"@id":"https:\/\/zichyanna.com\/en\/#website"},"primaryImageOfPage":{"@id":"https:\/\/zichyanna.com\/en\/imprint\/#primaryimage"},"image":{"@id":"https:\/\/zichyanna.com\/en\/imprint\/#primaryimage"},"thumbnailUrl":"https:\/\/zichyanna.com\/wp-content\/uploads\/2025\/11\/DSC06883.jpg","datePublished":"2025-11-20T13:53:56+00:00","dateModified":"2026-01-14T18:19:17+00:00","description":"Zichy Anna Pezsg\u0151h\u00e1z Kft. | Owner: Zichy Anna | E-mail: info@zichyanna.com | Registered office: 3910 Tokaj, Bajcsy-Zsilinszky Endre \u00fat 18.","breadcrumb":{"@id":"https:\/\/zichyanna.com\/en\/imprint\/#breadcrumb"},"inLanguage":"en-US","potentialAction":[{"@type":"ReadAction","target":["https:\/\/zichyanna.com\/en\/imprint\/"]}]},{"@type":"ImageObject","inLanguage":"en-US","@id":"https:\/\/zichyanna.com\/en\/imprint\/#primaryimage","url":"https:\/\/zichyanna.com\/wp-content\/uploads\/2025\/11\/DSC06883.jpg","contentUrl":"https:\/\/zichyanna.com\/wp-content\/uploads\/2025\/11\/DSC06883.jpg"},{"@type":"BreadcrumbList","@id":"https:\/\/zichyanna.com\/en\/imprint\/#breadcrumb","itemListElement":[{"@type":"ListItem","position":1,"name":"Kezd\u0151lap","item":"https:\/\/zichyanna.com\/en\/"},{"@type":"ListItem","position":2,"name":"Imprint"}]},{"@type":"WebSite","@id":"https:\/\/zichyanna.com\/en\/#website","url":"https:\/\/zichyanna.com\/en\/","name":"Zichy Anna Pezsg\u0151h\u00e1z","description":"Zichy Anna Sparkling Winehouse","publisher":{"@id":"https:\/\/zichyanna.com\/en\/#organization"},"potentialAction":[{"@type":"SearchAction","target":{"@type":"EntryPoint","urlTemplate":"https:\/\/zichyanna.com\/en\/?s={search_term_string}"},"query-input":{"@type":"PropertyValueSpecification","valueRequired":true,"valueName":"search_term_string"}}],"inLanguage":"en-US"},{"@type":"Organization","@id":"https:\/\/zichyanna.com\/en\/#organization","name":"Zichy Sz\u0151l\u0151birtok","url":"https:\/\/zichyanna.com\/en\/","logo":{"@type":"ImageObject","inLanguage":"en-US","@id":"https:\/\/zichyanna.com\/en\/#\/schema\/logo\/image\/","url":"https:\/\/zichyanna.com\/wp-content\/uploads\/2025\/11\/Zichy-Anna-logo.svg","contentUrl":"https:\/\/zichyanna.com\/wp-content\/uploads\/2025\/11\/Zichy-Anna-logo.svg","width":174,"height":100,"caption":"Zichy Sz\u0151l\u0151birtok"},"image":{"@id":"https:\/\/zichyanna.com\/en\/#\/schema\/logo\/image\/"}}]}},"_links":{"self":[{"href":"https:\/\/zichyanna.com\/en\/wp-json\/wp\/v2\/pages\/1242","targetHints":{"allow":["GET"]}}],"collection":[{"href":"https:\/\/zichyanna.com\/en\/wp-json\/wp\/v2\/pages"}],"about":[{"href":"https:\/\/zichyanna.com\/en\/wp-json\/wp\/v2\/types\/page"}],"author":[{"embeddable":true,"href":"https:\/\/zichyanna.com\/en\/wp-json\/wp\/v2\/users\/1"}],"replies":[{"embeddable":true,"href":"https:\/\/zichyanna.com\/en\/wp-json\/wp\/v2\/comments?post=1242"}],"version-history":[{"count":8,"href":"https:\/\/zichyanna.com\/en\/wp-json\/wp\/v2\/pages\/1242\/revisions"}],"predecessor-version":[{"id":1262,"href":"https:\/\/zichyanna.com\/en\/wp-json\/wp\/v2\/pages\/1242\/revisions\/1262"}],"wp:attachment":[{"href":"https:\/\/zichyanna.com\/en\/wp-json\/wp\/v2\/media?parent=1242"}],"curies":[{"name":"wp","href":"https:\/\/api.w.org\/{rel}","templated":true}]}}