{"id":1159,"date":"2025-11-20T15:03:31","date_gmt":"2025-11-20T14:03:31","guid":{"rendered":"https:\/\/zichyanna.com\/zichy-anna\/"},"modified":"2026-01-14T16:24:40","modified_gmt":"2026-01-14T15:24:40","slug":"zichy-anna","status":"publish","type":"page","link":"https:\/\/zichyanna.com\/en\/zichy-anna\/","title":{"rendered":"Zichy Anna"},"content":{"rendered":"\t\t<div data-elementor-type=\"wp-page\" data-elementor-id=\"1159\" class=\"elementor elementor-1159 elementor-508\">\n\t\t\t\t<div class=\"elementor-element elementor-element-1eb42f4 e-con-full e-flex e-con e-parent\" data-id=\"1eb42f4\" data-element_type=\"container\">\n\t\t\t\t<div class=\"elementor-element elementor-element-cf35de7 elementor-widget__width-inherit elementor-widget elementor-widget-image\" data-id=\"cf35de7\" data-element_type=\"widget\" data-widget_type=\"image.default\">\n\t\t\t\t\t\t\t\t\t\t\t\t\t\t\t<img loading=\"lazy\" decoding=\"async\" width=\"2560\" height=\"1138\" src=\"https:\/\/zichyanna.com\/wp-content\/uploads\/2025\/11\/Zichy-Anna-sub-Hero.jpg\" class=\"attachment-full size-full wp-image-1160\" alt=\"\" srcset=\"https:\/\/zichyanna.com\/wp-content\/uploads\/2025\/11\/Zichy-Anna-sub-Hero.jpg 2560w, https:\/\/zichyanna.com\/wp-content\/uploads\/2025\/11\/Zichy-Anna-sub-Hero-1024x455.jpg 1024w, https:\/\/zichyanna.com\/wp-content\/uploads\/2025\/11\/Zichy-Anna-sub-Hero-768x341.jpg 768w, https:\/\/zichyanna.com\/wp-content\/uploads\/2025\/11\/Zichy-Anna-sub-Hero-1920x854.jpg 1920w, https:\/\/zichyanna.com\/wp-content\/uploads\/2025\/11\/Zichy-Anna-sub-Hero-1536x683.jpg 1536w, https:\/\/zichyanna.com\/wp-content\/uploads\/2025\/11\/Zichy-Anna-sub-Hero-2048x910.jpg 2048w, https:\/\/zichyanna.com\/wp-content\/uploads\/2025\/11\/Zichy-Anna-sub-Hero-1000x445.jpg 1000w\" sizes=\"auto, (max-width: 2560px) 100vw, 2560px\" \/>\t\t\t\t\t\t\t\t\t\t\t\t\t\t\t<\/div>\n\t\t\t\t<\/div>\n\t\t<div class=\"elementor-element elementor-element-45877aa e-flex e-con-boxed e-con e-parent\" data-id=\"45877aa\" data-element_type=\"container\">\n\t\t\t\t\t<div class=\"e-con-inner\">\n\t\t<div class=\"elementor-element elementor-element-60fde88 e-con-full e-flex e-con e-child\" data-id=\"60fde88\" data-element_type=\"container\">\n\t\t<div class=\"elementor-element elementor-element-c91199d e-con-full e-flex e-con e-child\" data-id=\"c91199d\" data-element_type=\"container\" data-settings=\"{&quot;background_background&quot;:&quot;classic&quot;}\">\n\t\t\t\t<div class=\"elementor-element elementor-element-b195ec3 elementor-widget elementor-widget-heading\" data-id=\"b195ec3\" data-element_type=\"widget\" data-widget_type=\"heading.default\">\n\t\t\t\t\t<h1 class=\"elementor-heading-title elementor-size-default\">Dr. Anik\u00f3 Zichy<\/h1>\t\t\t\t<\/div>\n\t\t\t\t<div class=\"elementor-element elementor-element-69d3c6e elementor-widget__width-initial elementor-widget elementor-widget-heading\" data-id=\"69d3c6e\" data-element_type=\"widget\" data-widget_type=\"heading.default\">\n\t\t\t\t\t<h3 class=\"elementor-heading-title elementor-size-default\">From Lawyer to Winery Leader<\/h3>\t\t\t\t<\/div>\n\t\t\t\t<div class=\"elementor-element elementor-element-ce6e056 elementor-widget elementor-widget-text-editor\" data-id=\"ce6e056\" data-element_type=\"widget\" data-widget_type=\"text-editor.default\">\n\t\t\t\t\t\t\t\t\t<p>Dr. Anik\u00f3 Zichy originally trained as a lawyer and previously worked as an attorney in both Hungarian and international environments. Together with her husband, Count Alad\u00e1r Zichy, she established an agricultural enterprise, the Zichy Estate, primarily focused on arable farming and livestock, complemented by forestry and hunting. The crown jewel of the Zichy Estate is the Zichy Anna Sparkling Wine House.  <\/p><p>The foundations were laid by Anna and Alad\u00e1r around the time of Hungary\u2019s political transition, during the compensation (restitution) process, when they purchased a significant portion of the former Tokaj vineyards of the Waldbott family\u2014around 30 hectares. Modernising and replanting these plots took 30 years. It was a long journey, but necessary to ensure the vineyards could provide the high-quality grapes required for their sparkling wines and still wines. <\/p><p>In vineyard work they strive to use modern, sustainable technology and practices\u2014yet, in the pursuit of outstanding quality, they still harvest the grapes for their sparkling base wines by hand to this day. One of the Zichy Estate\u2019s key goals is to transition both viticulture and winemaking to organic (bio) farming. Currently, their vineyards are managed within the Agri-Environmental Management Programme, a recognised stepping stone toward full organic cultivation.  <\/p>\t\t\t\t\t\t\t\t<\/div>\n\t\t\t\t<\/div>\n\t\t\t\t<\/div>\n\t\t\t\t\t<\/div>\n\t\t\t\t<\/div>\n\t\t<div class=\"elementor-element elementor-element-ebb808d e-flex e-con-boxed e-con e-parent\" data-id=\"ebb808d\" data-element_type=\"container\">\n\t\t\t\t\t<div class=\"e-con-inner\">\n\t\t<div class=\"elementor-element elementor-element-cf40448 e-con-full e-flex e-con e-child\" data-id=\"cf40448\" data-element_type=\"container\">\n\t\t<div class=\"elementor-element elementor-element-1c4076f e-con-full e-flex e-con e-child\" data-id=\"1c4076f\" data-element_type=\"container\">\n\t\t\t\t<div class=\"elementor-element elementor-element-9505600 elementor-widget elementor-widget-image\" data-id=\"9505600\" data-element_type=\"widget\" data-widget_type=\"image.default\">\n\t\t\t\t\t\t\t\t\t\t\t\t\t\t\t<img loading=\"lazy\" decoding=\"async\" width=\"1707\" height=\"2560\" src=\"https:\/\/zichyanna.com\/wp-content\/uploads\/2025\/11\/Zichy-Anna-sub-1.jpg\" class=\"attachment-full size-full wp-image-1161\" alt=\"\" srcset=\"https:\/\/zichyanna.com\/wp-content\/uploads\/2025\/11\/Zichy-Anna-sub-1.jpg 1707w, https:\/\/zichyanna.com\/wp-content\/uploads\/2025\/11\/Zichy-Anna-sub-1-512x768.jpg 512w, https:\/\/zichyanna.com\/wp-content\/uploads\/2025\/11\/Zichy-Anna-sub-1-768x1152.jpg 768w, https:\/\/zichyanna.com\/wp-content\/uploads\/2025\/11\/Zichy-Anna-sub-1-720x1080.jpg 720w, https:\/\/zichyanna.com\/wp-content\/uploads\/2025\/11\/Zichy-Anna-sub-1-1024x1536.jpg 1024w, https:\/\/zichyanna.com\/wp-content\/uploads\/2025\/11\/Zichy-Anna-sub-1-1366x2048.jpg 1366w, https:\/\/zichyanna.com\/wp-content\/uploads\/2025\/11\/Zichy-Anna-sub-1-1000x1500.jpg 1000w\" sizes=\"auto, (max-width: 1707px) 100vw, 1707px\" \/>\t\t\t\t\t\t\t\t\t\t\t\t\t\t\t<\/div>\n\t\t\t\t<\/div>\n\t\t<div class=\"elementor-element elementor-element-aacc6f1 e-con-full e-flex e-con e-child\" data-id=\"aacc6f1\" data-element_type=\"container\" data-settings=\"{&quot;background_background&quot;:&quot;classic&quot;}\">\n\t\t\t\t<div class=\"elementor-element elementor-element-b5953bc elementor-widget elementor-widget-text-editor\" data-id=\"b5953bc\" data-element_type=\"widget\" data-widget_type=\"text-editor.default\">\n\t\t\t\t\t\t\t\t\t<p>Although Anik\u00f3 left the legal profession for the sake of the family business, she never stopped learning. She considers continuous professional development essential and works to keep her knowledge up to date. <\/p><p>To support this, in 2023 she completed the English-language postgraduate programme Wine Business Management, jointly run by Tokaj-Hegyalja University and the University of Dijon. With this expertise, Anik\u00f3 now moves confidently in the world of viticulture and winemaking. <\/p>\t\t\t\t\t\t\t\t<\/div>\n\t\t\t\t<\/div>\n\t\t\t\t<\/div>\n\t\t\t\t\t<\/div>\n\t\t\t\t<\/div>\n\t\t<div class=\"elementor-element elementor-element-62e9eae e-flex e-con-boxed e-con e-parent\" data-id=\"62e9eae\" data-element_type=\"container\">\n\t\t\t\t\t<div class=\"e-con-inner\">\n\t\t<div class=\"elementor-element elementor-element-a63e262 e-con-full e-flex e-con e-child\" data-id=\"a63e262\" data-element_type=\"container\">\n\t\t<div class=\"elementor-element elementor-element-ec32225 e-con-full e-flex e-con e-child\" data-id=\"ec32225\" data-element_type=\"container\" data-settings=\"{&quot;background_background&quot;:&quot;classic&quot;}\">\n\t\t\t\t<div class=\"elementor-element elementor-element-4710f81 elementor-widget elementor-widget-text-editor\" data-id=\"4710f81\" data-element_type=\"widget\" data-widget_type=\"text-editor.default\">\n\t\t\t\t\t\t\t\t\t<p>The Zichy family has been present in Hungarian aristocracy and public life for centuries, and through their revived Tokaj winery they contribute to the reputation of Hungary\u2019s wine culture. <br>Anik\u00f3 carries this historical legacy forward with a modern mindset and a strong commitment to quality and innovation.<\/p><p>In 2019, she and her husband launched the \u201cZichy Anna\u201d sparkling wine range, whose first releases quickly earned prestigious international recognition: Brut Nature won a Gold Medal at the Winelovers Wine Awards 2023, while the extra dry Frizzante received a Bronze Medal. The brand name \u201cZichy Anna\u201d is no coincidence: although her given name is Anik\u00f3, her family always called her Anna\u2014so the sparkling wine truly bears her name. <\/p><p>Alongside quality sparkling wine production, the estate places special emphasis on making Tokaji Asz\u00fa, one of the world\u2019s most renowned wines. After her husband\u2019s passing, Anik\u00f3 continues to lead the estate together with her two sons, Tam\u00e1s and B\u00e1lint. Their international experience and fresh perspective complement Anik\u00f3\u2019s dedication, helping the family business evolve and grow.  <\/p><p>Dr. Anik\u00f3 Zichy\u2019s career and life demonstrate how a successful legal professional can become a passionate sparkling wine proprietor. She has shaped a historic family legacy into a modern, award-winning enterprise\u2014where tradition, knowledge, and passion go hand in hand. <\/p>\t\t\t\t\t\t\t\t<\/div>\n\t\t\t\t<\/div>\n\t\t<div class=\"elementor-element elementor-element-84c8c18 e-con-full e-flex e-con e-child\" data-id=\"84c8c18\" data-element_type=\"container\">\n\t\t\t\t<div class=\"elementor-element elementor-element-d0e0fda elementor-widget elementor-widget-image\" data-id=\"d0e0fda\" data-element_type=\"widget\" data-widget_type=\"image.default\">\n\t\t\t\t\t\t\t\t\t\t\t\t\t\t\t<img loading=\"lazy\" decoding=\"async\" width=\"1707\" height=\"2560\" src=\"https:\/\/zichyanna.com\/wp-content\/uploads\/2025\/11\/Zichy-Anna-sub-2.jpg\" class=\"attachment-full size-full wp-image-1162\" alt=\"\" srcset=\"https:\/\/zichyanna.com\/wp-content\/uploads\/2025\/11\/Zichy-Anna-sub-2.jpg 1707w, https:\/\/zichyanna.com\/wp-content\/uploads\/2025\/11\/Zichy-Anna-sub-2-512x768.jpg 512w, https:\/\/zichyanna.com\/wp-content\/uploads\/2025\/11\/Zichy-Anna-sub-2-768x1152.jpg 768w, https:\/\/zichyanna.com\/wp-content\/uploads\/2025\/11\/Zichy-Anna-sub-2-720x1080.jpg 720w, https:\/\/zichyanna.com\/wp-content\/uploads\/2025\/11\/Zichy-Anna-sub-2-1024x1536.jpg 1024w, https:\/\/zichyanna.com\/wp-content\/uploads\/2025\/11\/Zichy-Anna-sub-2-1366x2048.jpg 1366w, https:\/\/zichyanna.com\/wp-content\/uploads\/2025\/11\/Zichy-Anna-sub-2-1000x1500.jpg 1000w\" sizes=\"auto, (max-width: 1707px) 100vw, 1707px\" \/>\t\t\t\t\t\t\t\t\t\t\t\t\t\t\t<\/div>\n\t\t\t\t<\/div>\n\t\t\t\t<\/div>\n\t\t\t\t\t<\/div>\n\t\t\t\t<\/div>\n\t\t<div class=\"elementor-element elementor-element-36ebad2 e-flex e-con-boxed e-con e-parent\" data-id=\"36ebad2\" data-element_type=\"container\">\n\t\t\t\t\t<div class=\"e-con-inner\">\n\t\t<div class=\"elementor-element elementor-element-2e5b32f e-con-full e-flex e-con e-child\" data-id=\"2e5b32f\" data-element_type=\"container\">\n\t\t<div class=\"elementor-element elementor-element-5995b68 e-con-full e-flex e-con e-child\" data-id=\"5995b68\" data-element_type=\"container\" data-settings=\"{&quot;background_background&quot;:&quot;classic&quot;}\">\n\t\t\t\t<div class=\"elementor-element elementor-element-131ef0c elementor-widget elementor-widget-heading\" data-id=\"131ef0c\" data-element_type=\"widget\" data-widget_type=\"heading.default\">\n\t\t\t\t\t<h2 class=\"elementor-heading-title elementor-size-default\">ZICHY ANNA SPARKLING WINE HOUSE<\/h2>\t\t\t\t<\/div>\n\t\t\t\t<div class=\"elementor-element elementor-element-b40895f elementor-widget elementor-widget-text-editor\" data-id=\"b40895f\" data-element_type=\"widget\" data-widget_type=\"text-editor.default\">\n\t\t\t\t\t\t\t\t\t<p>A modern sparkling wine house in the heart of Tokaj, bringing together the Zichy family\u2019s centuries-old winemaking heritage with a contemporary approach. Our range includes Brut Nature Prestige, Brut Nature, Frizzante, Muscat Lunel, and Furmint, as well as limited-edition Tokaji Asz\u00fa. <\/p><p>We craft our wines sustainably from hand-harvested grapes, using the traditional method of sparkling wine production. We also host wine tastings and wine dinners, providing professional service to our guests\u2014so every event becomes a true experience.<\/p><p>Our goal: Elegant everyday moments and celebrations, with premium quality in every bottle.<\/p>\t\t\t\t\t\t\t\t<\/div>\n\t\t\t\t<\/div>\n\t\t\t\t<\/div>\n\t\t\t\t\t<\/div>\n\t\t\t\t<\/div>\n\t\t<div class=\"elementor-element elementor-element-ea7d712 e-con-full e-flex e-con e-parent\" data-id=\"ea7d712\" data-element_type=\"container\" data-settings=\"{&quot;background_background&quot;:&quot;classic&quot;}\">\n\t\t\t\t<div class=\"elementor-element elementor-element-e3870b2 elementor-widget elementor-widget-image\" data-id=\"e3870b2\" data-element_type=\"widget\" data-widget_type=\"image.default\">\n\t\t\t\t\t\t\t\t\t\t\t\t\t\t\t<img loading=\"lazy\" decoding=\"async\" width=\"2560\" height=\"1707\" src=\"https:\/\/zichyanna.com\/wp-content\/uploads\/2025\/11\/Zichy-Anna-sub-3.jpg\" class=\"attachment-full size-full wp-image-1163\" alt=\"\" srcset=\"https:\/\/zichyanna.com\/wp-content\/uploads\/2025\/11\/Zichy-Anna-sub-3.jpg 2560w, https:\/\/zichyanna.com\/wp-content\/uploads\/2025\/11\/Zichy-Anna-sub-3-1024x683.jpg 1024w, https:\/\/zichyanna.com\/wp-content\/uploads\/2025\/11\/Zichy-Anna-sub-3-768x512.jpg 768w, https:\/\/zichyanna.com\/wp-content\/uploads\/2025\/11\/Zichy-Anna-sub-3-1620x1080.jpg 1620w, https:\/\/zichyanna.com\/wp-content\/uploads\/2025\/11\/Zichy-Anna-sub-3-1536x1024.jpg 1536w, https:\/\/zichyanna.com\/wp-content\/uploads\/2025\/11\/Zichy-Anna-sub-3-2048x1366.jpg 2048w, https:\/\/zichyanna.com\/wp-content\/uploads\/2025\/11\/Zichy-Anna-sub-3-1000x667.jpg 1000w\" sizes=\"auto, (max-width: 2560px) 100vw, 2560px\" \/>\t\t\t\t\t\t\t\t\t\t\t\t\t\t\t<\/div>\n\t\t\t\t<\/div>\n\t\t\t\t<\/div>\n\t\t","protected":false},"excerpt":{"rendered":"<p>Dr. Anik\u00f3 Zichy From Lawyer to Winery Leader Dr. Anik\u00f3 Zichy originally trained as a lawyer and previously worked as [&hellip;]<\/p>\n","protected":false},"author":1,"featured_media":0,"parent":0,"menu_order":0,"comment_status":"closed","ping_status":"closed","template":"","meta":{"inline_featured_image":false,"site-sidebar-layout":"no-sidebar","site-content-layout":"plain-container","ast-site-content-layout":"full-width-container","site-content-style":"default","site-sidebar-style":"default","ast-global-header-display":"","ast-banner-title-visibility":"","ast-main-header-display":"","ast-hfb-above-header-display":"","ast-hfb-below-header-display":"","ast-hfb-mobile-header-display":"","site-post-title":"","ast-breadcrumbs-content":"","ast-featured-img":"disabled","footer-sml-layout":"","ast-disable-related-posts":"","theme-transparent-header-meta":"disabled","adv-header-id-meta":"","stick-header-meta":"","header-above-stick-meta":"","header-main-stick-meta":"","header-below-stick-meta":"","astra-migrate-meta-layouts":"set","ast-page-background-enabled":"default","ast-page-background-meta":{"desktop":{"background-color":"var(--ast-global-color-5)","background-image":"","background-repeat":"repeat","background-position":"center center","background-size":"auto","background-attachment":"scroll","background-type":"","background-media":"","overlay-type":"","overlay-color":"","overlay-opacity":"","overlay-gradient":""},"tablet":{"background-color":"","background-image":"","background-repeat":"repeat","background-position":"center center","background-size":"auto","background-attachment":"scroll","background-type":"","background-media":"","overlay-type":"","overlay-color":"","overlay-opacity":"","overlay-gradient":""},"mobile":{"background-color":"","background-image":"","background-repeat":"repeat","background-position":"center center","background-size":"auto","background-attachment":"scroll","background-type":"","background-media":"","overlay-type":"","overlay-color":"","overlay-opacity":"","overlay-gradient":""}},"ast-content-background-meta":{"desktop":{"background-color":"var(--ast-global-color-4)","background-image":"","background-repeat":"repeat","background-position":"center center","background-size":"auto","background-attachment":"scroll","background-type":"","background-media":"","overlay-type":"","overlay-color":"","overlay-opacity":"","overlay-gradient":""},"tablet":{"background-color":"var(--ast-global-color-4)","background-image":"","background-repeat":"repeat","background-position":"center center","background-size":"auto","background-attachment":"scroll","background-type":"","background-media":"","overlay-type":"","overlay-color":"","overlay-opacity":"","overlay-gradient":""},"mobile":{"background-color":"var(--ast-global-color-4)","background-image":"","background-repeat":"repeat","background-position":"center center","background-size":"auto","background-attachment":"scroll","background-type":"","background-media":"","overlay-type":"","overlay-color":"","overlay-opacity":"","overlay-gradient":""}},"footnotes":""},"class_list":["post-1159","page","type-page","status-publish","hentry"],"yoast_head":"<!-- This site is optimized with the Yoast SEO plugin v27.4 - https:\/\/yoast.com\/product\/yoast-seo-wordpress\/ -->\n<title>Zichy Anna<\/title>\n<meta name=\"description\" content=\"Zichy Anna and her husband, Count Alad\u00e1r Zichy, established an agricultural enterprise, the crown jewel of which is the Zichy Anna Champagne House.\" \/>\n<meta name=\"robots\" content=\"index, follow, max-snippet:-1, max-image-preview:large, max-video-preview:-1\" \/>\n<link rel=\"canonical\" href=\"https:\/\/zichyanna.com\/en\/zichy-anna\/\" \/>\n<meta property=\"og:locale\" content=\"en_US\" \/>\n<meta property=\"og:type\" content=\"article\" \/>\n<meta property=\"og:title\" content=\"Zichy Anna\" \/>\n<meta property=\"og:description\" content=\"Zichy Anna and her husband, Count Alad\u00e1r Zichy, established an agricultural enterprise, the crown jewel of which is the Zichy Anna Champagne House.\" \/>\n<meta property=\"og:url\" content=\"https:\/\/zichyanna.com\/en\/zichy-anna\/\" \/>\n<meta property=\"og:site_name\" content=\"Zichy Anna Sparkling Winehouse\" \/>\n<meta property=\"article:modified_time\" content=\"2026-01-14T15:24:40+00:00\" \/>\n<meta property=\"og:image\" content=\"https:\/\/zichyanna.com\/wp-content\/uploads\/2025\/11\/Zichy-Anna-sub-Hero.jpg\" \/>\n\t<meta property=\"og:image:width\" content=\"2560\" \/>\n\t<meta property=\"og:image:height\" content=\"1138\" \/>\n\t<meta property=\"og:image:type\" content=\"image\/jpeg\" \/>\n<meta name=\"twitter:card\" content=\"summary_large_image\" \/>\n<meta name=\"twitter:label1\" content=\"Est. reading time\" \/>\n\t<meta name=\"twitter:data1\" content=\"3 minutes\" \/>\n<script type=\"application\/ld+json\" class=\"yoast-schema-graph\">{\"@context\":\"https:\\\/\\\/schema.org\",\"@graph\":[{\"@type\":\"WebPage\",\"@id\":\"https:\\\/\\\/zichyanna.com\\\/en\\\/zichy-anna\\\/\",\"url\":\"https:\\\/\\\/zichyanna.com\\\/en\\\/zichy-anna\\\/\",\"name\":\"Zichy Anna\",\"isPartOf\":{\"@id\":\"https:\\\/\\\/zichyanna.com\\\/en\\\/#website\"},\"primaryImageOfPage\":{\"@id\":\"https:\\\/\\\/zichyanna.com\\\/en\\\/zichy-anna\\\/#primaryimage\"},\"image\":{\"@id\":\"https:\\\/\\\/zichyanna.com\\\/en\\\/zichy-anna\\\/#primaryimage\"},\"thumbnailUrl\":\"https:\\\/\\\/zichyanna.com\\\/wp-content\\\/uploads\\\/2025\\\/11\\\/Zichy-Anna-sub-Hero.jpg\",\"datePublished\":\"2025-11-20T14:03:31+00:00\",\"dateModified\":\"2026-01-14T15:24:40+00:00\",\"description\":\"Zichy Anna and her husband, Count Alad\u00e1r Zichy, established an agricultural enterprise, the crown jewel of which is the Zichy Anna Champagne House.\",\"breadcrumb\":{\"@id\":\"https:\\\/\\\/zichyanna.com\\\/en\\\/zichy-anna\\\/#breadcrumb\"},\"inLanguage\":\"en-US\",\"potentialAction\":[{\"@type\":\"ReadAction\",\"target\":[\"https:\\\/\\\/zichyanna.com\\\/en\\\/zichy-anna\\\/\"]}]},{\"@type\":\"ImageObject\",\"inLanguage\":\"en-US\",\"@id\":\"https:\\\/\\\/zichyanna.com\\\/en\\\/zichy-anna\\\/#primaryimage\",\"url\":\"https:\\\/\\\/zichyanna.com\\\/wp-content\\\/uploads\\\/2025\\\/11\\\/Zichy-Anna-sub-Hero.jpg\",\"contentUrl\":\"https:\\\/\\\/zichyanna.com\\\/wp-content\\\/uploads\\\/2025\\\/11\\\/Zichy-Anna-sub-Hero.jpg\"},{\"@type\":\"BreadcrumbList\",\"@id\":\"https:\\\/\\\/zichyanna.com\\\/en\\\/zichy-anna\\\/#breadcrumb\",\"itemListElement\":[{\"@type\":\"ListItem\",\"position\":1,\"name\":\"Kezd\u0151lap\",\"item\":\"https:\\\/\\\/zichyanna.com\\\/en\\\/\"},{\"@type\":\"ListItem\",\"position\":2,\"name\":\"Zichy Anna\"}]},{\"@type\":\"WebSite\",\"@id\":\"https:\\\/\\\/zichyanna.com\\\/en\\\/#website\",\"url\":\"https:\\\/\\\/zichyanna.com\\\/en\\\/\",\"name\":\"Zichy Anna Pezsg\u0151h\u00e1z\",\"description\":\"Zichy Anna Sparkling Winehouse\",\"publisher\":{\"@id\":\"https:\\\/\\\/zichyanna.com\\\/en\\\/#organization\"},\"potentialAction\":[{\"@type\":\"SearchAction\",\"target\":{\"@type\":\"EntryPoint\",\"urlTemplate\":\"https:\\\/\\\/zichyanna.com\\\/en\\\/?s={search_term_string}\"},\"query-input\":{\"@type\":\"PropertyValueSpecification\",\"valueRequired\":true,\"valueName\":\"search_term_string\"}}],\"inLanguage\":\"en-US\"},{\"@type\":\"Organization\",\"@id\":\"https:\\\/\\\/zichyanna.com\\\/en\\\/#organization\",\"name\":\"Zichy Sz\u0151l\u0151birtok\",\"url\":\"https:\\\/\\\/zichyanna.com\\\/en\\\/\",\"logo\":{\"@type\":\"ImageObject\",\"inLanguage\":\"en-US\",\"@id\":\"https:\\\/\\\/zichyanna.com\\\/en\\\/#\\\/schema\\\/logo\\\/image\\\/\",\"url\":\"https:\\\/\\\/zichyanna.com\\\/wp-content\\\/uploads\\\/2025\\\/11\\\/Zichy-Anna-logo.svg\",\"contentUrl\":\"https:\\\/\\\/zichyanna.com\\\/wp-content\\\/uploads\\\/2025\\\/11\\\/Zichy-Anna-logo.svg\",\"width\":174,\"height\":100,\"caption\":\"Zichy Sz\u0151l\u0151birtok\"},\"image\":{\"@id\":\"https:\\\/\\\/zichyanna.com\\\/en\\\/#\\\/schema\\\/logo\\\/image\\\/\"}}]}<\/script>\n<!-- \/ Yoast SEO plugin. -->","yoast_head_json":{"title":"Zichy Anna","description":"Zichy Anna and her husband, Count Alad\u00e1r Zichy, established an agricultural enterprise, the crown jewel of which is the Zichy Anna Champagne House.","robots":{"index":"index","follow":"follow","max-snippet":"max-snippet:-1","max-image-preview":"max-image-preview:large","max-video-preview":"max-video-preview:-1"},"canonical":"https:\/\/zichyanna.com\/en\/zichy-anna\/","og_locale":"en_US","og_type":"article","og_title":"Zichy Anna","og_description":"Zichy Anna and her husband, Count Alad\u00e1r Zichy, established an agricultural enterprise, the crown jewel of which is the Zichy Anna Champagne House.","og_url":"https:\/\/zichyanna.com\/en\/zichy-anna\/","og_site_name":"Zichy Anna Sparkling Winehouse","article_modified_time":"2026-01-14T15:24:40+00:00","og_image":[{"width":2560,"height":1138,"url":"https:\/\/zichyanna.com\/wp-content\/uploads\/2025\/11\/Zichy-Anna-sub-Hero.jpg","type":"image\/jpeg"}],"twitter_card":"summary_large_image","twitter_misc":{"Est. reading time":"3 minutes"},"schema":{"@context":"https:\/\/schema.org","@graph":[{"@type":"WebPage","@id":"https:\/\/zichyanna.com\/en\/zichy-anna\/","url":"https:\/\/zichyanna.com\/en\/zichy-anna\/","name":"Zichy Anna","isPartOf":{"@id":"https:\/\/zichyanna.com\/en\/#website"},"primaryImageOfPage":{"@id":"https:\/\/zichyanna.com\/en\/zichy-anna\/#primaryimage"},"image":{"@id":"https:\/\/zichyanna.com\/en\/zichy-anna\/#primaryimage"},"thumbnailUrl":"https:\/\/zichyanna.com\/wp-content\/uploads\/2025\/11\/Zichy-Anna-sub-Hero.jpg","datePublished":"2025-11-20T14:03:31+00:00","dateModified":"2026-01-14T15:24:40+00:00","description":"Zichy Anna and her husband, Count Alad\u00e1r Zichy, established an agricultural enterprise, the crown jewel of which is the Zichy Anna Champagne House.","breadcrumb":{"@id":"https:\/\/zichyanna.com\/en\/zichy-anna\/#breadcrumb"},"inLanguage":"en-US","potentialAction":[{"@type":"ReadAction","target":["https:\/\/zichyanna.com\/en\/zichy-anna\/"]}]},{"@type":"ImageObject","inLanguage":"en-US","@id":"https:\/\/zichyanna.com\/en\/zichy-anna\/#primaryimage","url":"https:\/\/zichyanna.com\/wp-content\/uploads\/2025\/11\/Zichy-Anna-sub-Hero.jpg","contentUrl":"https:\/\/zichyanna.com\/wp-content\/uploads\/2025\/11\/Zichy-Anna-sub-Hero.jpg"},{"@type":"BreadcrumbList","@id":"https:\/\/zichyanna.com\/en\/zichy-anna\/#breadcrumb","itemListElement":[{"@type":"ListItem","position":1,"name":"Kezd\u0151lap","item":"https:\/\/zichyanna.com\/en\/"},{"@type":"ListItem","position":2,"name":"Zichy Anna"}]},{"@type":"WebSite","@id":"https:\/\/zichyanna.com\/en\/#website","url":"https:\/\/zichyanna.com\/en\/","name":"Zichy Anna Pezsg\u0151h\u00e1z","description":"Zichy Anna Sparkling Winehouse","publisher":{"@id":"https:\/\/zichyanna.com\/en\/#organization"},"potentialAction":[{"@type":"SearchAction","target":{"@type":"EntryPoint","urlTemplate":"https:\/\/zichyanna.com\/en\/?s={search_term_string}"},"query-input":{"@type":"PropertyValueSpecification","valueRequired":true,"valueName":"search_term_string"}}],"inLanguage":"en-US"},{"@type":"Organization","@id":"https:\/\/zichyanna.com\/en\/#organization","name":"Zichy Sz\u0151l\u0151birtok","url":"https:\/\/zichyanna.com\/en\/","logo":{"@type":"ImageObject","inLanguage":"en-US","@id":"https:\/\/zichyanna.com\/en\/#\/schema\/logo\/image\/","url":"https:\/\/zichyanna.com\/wp-content\/uploads\/2025\/11\/Zichy-Anna-logo.svg","contentUrl":"https:\/\/zichyanna.com\/wp-content\/uploads\/2025\/11\/Zichy-Anna-logo.svg","width":174,"height":100,"caption":"Zichy Sz\u0151l\u0151birtok"},"image":{"@id":"https:\/\/zichyanna.com\/en\/#\/schema\/logo\/image\/"}}]}},"_links":{"self":[{"href":"https:\/\/zichyanna.com\/en\/wp-json\/wp\/v2\/pages\/1159","targetHints":{"allow":["GET"]}}],"collection":[{"href":"https:\/\/zichyanna.com\/en\/wp-json\/wp\/v2\/pages"}],"about":[{"href":"https:\/\/zichyanna.com\/en\/wp-json\/wp\/v2\/types\/page"}],"author":[{"embeddable":true,"href":"https:\/\/zichyanna.com\/en\/wp-json\/wp\/v2\/users\/1"}],"replies":[{"embeddable":true,"href":"https:\/\/zichyanna.com\/en\/wp-json\/wp\/v2\/comments?post=1159"}],"version-history":[{"count":2,"href":"https:\/\/zichyanna.com\/en\/wp-json\/wp\/v2\/pages\/1159\/revisions"}],"predecessor-version":[{"id":1165,"href":"https:\/\/zichyanna.com\/en\/wp-json\/wp\/v2\/pages\/1159\/revisions\/1165"}],"wp:attachment":[{"href":"https:\/\/zichyanna.com\/en\/wp-json\/wp\/v2\/media?parent=1159"}],"curies":[{"name":"wp","href":"https:\/\/api.w.org\/{rel}","templated":true}]}}